{"id":942,"date":"2023-07-13T15:13:32","date_gmt":"2023-07-13T12:13:32","guid":{"rendered":"https:\/\/akyelgida.com\/?page_id=942"},"modified":"2023-07-13T15:17:58","modified_gmt":"2023-07-13T12:17:58","slug":"elementor-942","status":"publish","type":"page","link":"https:\/\/akyelgida.com\/index.php\/elementor-942\/","title":{"rendered":"Elementor #942"},"content":{"rendered":"\t\t<div data-elementor-type=\"wp-page\" data-elementor-id=\"942\" class=\"elementor elementor-942\">\n\t\t\t\t\t\t<section class=\"elementor-section elementor-top-section elementor-element elementor-element-2f1b3e4 elementor-section-boxed elementor-section-height-default elementor-section-height-default\" data-id=\"2f1b3e4\" data-element_type=\"section\">\n\t\t\t\t\t\t<div class=\"elementor-container elementor-column-gap-default\">\n\t\t\t\t\t<div class=\"elementor-column elementor-col-100 elementor-top-column elementor-element elementor-element-5bf1d69\" data-id=\"5bf1d69\" data-element_type=\"column\">\n\t\t\t<div class=\"elementor-widget-wrap elementor-element-populated\">\n\t\t\t\t\t\t<div class=\"elementor-element elementor-element-712c986 elementor-invisible elementor-widget elementor-widget-heading\" data-id=\"712c986\" data-element_type=\"widget\" data-settings=\"{&quot;_animation&quot;:&quot;fadeInUp&quot;}\" data-widget_type=\"heading.default\">\n\t\t\t\t<div class=\"elementor-widget-container\">\n\t\t\t\t\t<h2 class=\"elementor-heading-title elementor-size-default\">\u00c7\u0130KOLATALAR<\/h2>\t\t\t\t<\/div>\n\t\t\t\t<\/div>\n\t\t\t\t\t<\/div>\n\t\t<\/div>\n\t\t\t\t\t<\/div>\n\t\t<\/section>\n\t\t\t\t<section class=\"elementor-section elementor-top-section elementor-element elementor-element-0ada74d elementor-section-boxed elementor-section-height-default elementor-section-height-default\" data-id=\"0ada74d\" data-element_type=\"section\">\n\t\t\t\t\t\t<div class=\"elementor-container elementor-column-gap-default\">\n\t\t\t\t\t<div class=\"elementor-column elementor-col-100 elementor-top-column elementor-element elementor-element-064fbd2\" data-id=\"064fbd2\" data-element_type=\"column\">\n\t\t\t<div class=\"elementor-widget-wrap elementor-element-populated\">\n\t\t\t\t\t\t<div class=\"elementor-element elementor-element-2cffd2e elementor-invisible elementor-widget elementor-widget-text-editor\" data-id=\"2cffd2e\" data-element_type=\"widget\" data-settings=\"{&quot;_animation&quot;:&quot;fadeInUp&quot;}\" data-widget_type=\"text-editor.default\">\n\t\t\t\t<div class=\"elementor-widget-container\">\n\t\t\t\t\t\t\t\t\t<h5>\u00c7ikolata sanat\u0131n\u0131n ustalar\u0131ndan; el yap\u0131m\u0131 ve 100% Bel\u00e7ika lezzeti<\/h5>\t\t\t\t\t\t\t\t<\/div>\n\t\t\t\t<\/div>\n\t\t\t\t<div class=\"elementor-element elementor-element-fdc4e94 elementor-invisible elementor-widget elementor-widget-image-gallery\" data-id=\"fdc4e94\" data-element_type=\"widget\" data-settings=\"{&quot;_animation&quot;:&quot;fadeInUp&quot;}\" data-widget_type=\"image-gallery.default\">\n\t\t\t\t<div class=\"elementor-widget-container\">\n\t\t\t\t\t\t\t<div class=\"elementor-image-gallery\">\n\t\t\t<div id='gallery-1' class='gallery galleryid-942 gallery-columns-4 gallery-size-thumbnail'><figure class='gallery-item'>\n\t\t\t<div class='gallery-icon landscape'>\n\t\t\t\t<a data-elementor-open-lightbox=\"yes\" data-elementor-lightbox-slideshow=\"fdc4e94\" data-elementor-lightbox-title=\"IMG_7810\" data-e-action-hash=\"#elementor-action%3Aaction%3Dlightbox%26settings%3DeyJpZCI6OTMwLCJ1cmwiOiJodHRwczpcL1wvYWt5ZWxnaWRhLmNvbVwvd3AtY29udGVudFwvdXBsb2Fkc1wvMjAyM1wvMDdcL0lNR183ODEwLXNjYWxlZC5qcGciLCJzbGlkZXNob3ciOiJmZGM0ZTk0In0%3D\" href='https:\/\/akyelgida.com\/wp-content\/uploads\/2023\/07\/IMG_7810-scaled.jpg'><img decoding=\"async\" width=\"150\" height=\"150\" src=\"https:\/\/akyelgida.com\/wp-content\/uploads\/2023\/07\/IMG_7810-150x150.jpg\" class=\"attachment-thumbnail size-thumbnail\" alt=\"\" \/><\/a>\n\t\t\t<\/div><\/figure><figure class='gallery-item'>\n\t\t\t<div class='gallery-icon landscape'>\n\t\t\t\t<a data-elementor-open-lightbox=\"yes\" data-elementor-lightbox-slideshow=\"fdc4e94\" data-elementor-lightbox-title=\"IMG_7803\" data-e-action-hash=\"#elementor-action%3Aaction%3Dlightbox%26settings%3DeyJpZCI6OTI5LCJ1cmwiOiJodHRwczpcL1wvYWt5ZWxnaWRhLmNvbVwvd3AtY29udGVudFwvdXBsb2Fkc1wvMjAyM1wvMDdcL0lNR183ODAzLXNjYWxlZC5qcGciLCJzbGlkZXNob3ciOiJmZGM0ZTk0In0%3D\" href='https:\/\/akyelgida.com\/wp-content\/uploads\/2023\/07\/IMG_7803-scaled.jpg'><img decoding=\"async\" width=\"150\" height=\"150\" src=\"https:\/\/akyelgida.com\/wp-content\/uploads\/2023\/07\/IMG_7803-150x150.jpg\" class=\"attachment-thumbnail size-thumbnail\" alt=\"\" \/><\/a>\n\t\t\t<\/div><\/figure><figure class='gallery-item'>\n\t\t\t<div class='gallery-icon landscape'>\n\t\t\t\t<a data-elementor-open-lightbox=\"yes\" data-elementor-lightbox-slideshow=\"fdc4e94\" data-elementor-lightbox-title=\"IMG_7801\" data-e-action-hash=\"#elementor-action%3Aaction%3Dlightbox%26settings%3DeyJpZCI6OTI4LCJ1cmwiOiJodHRwczpcL1wvYWt5ZWxnaWRhLmNvbVwvd3AtY29udGVudFwvdXBsb2Fkc1wvMjAyM1wvMDdcL0lNR183ODAxLXNjYWxlZC5qcGciLCJzbGlkZXNob3ciOiJmZGM0ZTk0In0%3D\" href='https:\/\/akyelgida.com\/wp-content\/uploads\/2023\/07\/IMG_7801-scaled.jpg'><img decoding=\"async\" width=\"150\" height=\"150\" src=\"https:\/\/akyelgida.com\/wp-content\/uploads\/2023\/07\/IMG_7801-150x150.jpg\" class=\"attachment-thumbnail size-thumbnail\" alt=\"\" \/><\/a>\n\t\t\t<\/div><\/figure><figure class='gallery-item'>\n\t\t\t<div class='gallery-icon landscape'>\n\t\t\t\t<a data-elementor-open-lightbox=\"yes\" data-elementor-lightbox-slideshow=\"fdc4e94\" data-elementor-lightbox-title=\"IMG_7797\" data-e-action-hash=\"#elementor-action%3Aaction%3Dlightbox%26settings%3DeyJpZCI6OTI3LCJ1cmwiOiJodHRwczpcL1wvYWt5ZWxnaWRhLmNvbVwvd3AtY29udGVudFwvdXBsb2Fkc1wvMjAyM1wvMDdcL0lNR183Nzk3LXNjYWxlZC5qcGciLCJzbGlkZXNob3ciOiJmZGM0ZTk0In0%3D\" href='https:\/\/akyelgida.com\/wp-content\/uploads\/2023\/07\/IMG_7797-scaled.jpg'><img loading=\"lazy\" decoding=\"async\" width=\"150\" height=\"150\" src=\"https:\/\/akyelgida.com\/wp-content\/uploads\/2023\/07\/IMG_7797-150x150.jpg\" class=\"attachment-thumbnail size-thumbnail\" alt=\"\" \/><\/a>\n\t\t\t<\/div><\/figure><figure class='gallery-item'>\n\t\t\t<div class='gallery-icon landscape'>\n\t\t\t\t<a data-elementor-open-lightbox=\"yes\" data-elementor-lightbox-slideshow=\"fdc4e94\" data-elementor-lightbox-title=\"IMG_7791\" data-e-action-hash=\"#elementor-action%3Aaction%3Dlightbox%26settings%3DeyJpZCI6OTI2LCJ1cmwiOiJodHRwczpcL1wvYWt5ZWxnaWRhLmNvbVwvd3AtY29udGVudFwvdXBsb2Fkc1wvMjAyM1wvMDdcL0lNR183NzkxLXNjYWxlZC5qcGciLCJzbGlkZXNob3ciOiJmZGM0ZTk0In0%3D\" href='https:\/\/akyelgida.com\/wp-content\/uploads\/2023\/07\/IMG_7791-scaled.jpg'><img loading=\"lazy\" decoding=\"async\" width=\"150\" height=\"150\" src=\"https:\/\/akyelgida.com\/wp-content\/uploads\/2023\/07\/IMG_7791-150x150.jpg\" class=\"attachment-thumbnail size-thumbnail\" alt=\"\" \/><\/a>\n\t\t\t<\/div><\/figure><figure class='gallery-item'>\n\t\t\t<div class='gallery-icon landscape'>\n\t\t\t\t<a data-elementor-open-lightbox=\"yes\" data-elementor-lightbox-slideshow=\"fdc4e94\" data-elementor-lightbox-title=\"IMG_7750\" data-e-action-hash=\"#elementor-action%3Aaction%3Dlightbox%26settings%3DeyJpZCI6OTI0LCJ1cmwiOiJodHRwczpcL1wvYWt5ZWxnaWRhLmNvbVwvd3AtY29udGVudFwvdXBsb2Fkc1wvMjAyM1wvMDdcL0lNR183NzUwLXNjYWxlZC5qcGciLCJzbGlkZXNob3ciOiJmZGM0ZTk0In0%3D\" href='https:\/\/akyelgida.com\/wp-content\/uploads\/2023\/07\/IMG_7750-scaled.jpg'><img loading=\"lazy\" decoding=\"async\" width=\"150\" height=\"150\" src=\"https:\/\/akyelgida.com\/wp-content\/uploads\/2023\/07\/IMG_7750-150x150.jpg\" class=\"attachment-thumbnail size-thumbnail\" alt=\"\" \/><\/a>\n\t\t\t<\/div><\/figure><figure class='gallery-item'>\n\t\t\t<div class='gallery-icon landscape'>\n\t\t\t\t<a data-elementor-open-lightbox=\"yes\" data-elementor-lightbox-slideshow=\"fdc4e94\" data-elementor-lightbox-title=\"IMG_7749\" data-e-action-hash=\"#elementor-action%3Aaction%3Dlightbox%26settings%3DeyJpZCI6OTIzLCJ1cmwiOiJodHRwczpcL1wvYWt5ZWxnaWRhLmNvbVwvd3AtY29udGVudFwvdXBsb2Fkc1wvMjAyM1wvMDdcL0lNR183NzQ5LXNjYWxlZC5qcGciLCJzbGlkZXNob3ciOiJmZGM0ZTk0In0%3D\" href='https:\/\/akyelgida.com\/wp-content\/uploads\/2023\/07\/IMG_7749-scaled.jpg'><img loading=\"lazy\" decoding=\"async\" width=\"150\" height=\"150\" src=\"https:\/\/akyelgida.com\/wp-content\/uploads\/2023\/07\/IMG_7749-150x150.jpg\" class=\"attachment-thumbnail size-thumbnail\" alt=\"\" \/><\/a>\n\t\t\t<\/div><\/figure><figure class='gallery-item'>\n\t\t\t<div class='gallery-icon landscape'>\n\t\t\t\t<a data-elementor-open-lightbox=\"yes\" data-elementor-lightbox-slideshow=\"fdc4e94\" data-elementor-lightbox-title=\"IMG_7732\" data-e-action-hash=\"#elementor-action%3Aaction%3Dlightbox%26settings%3DeyJpZCI6OTIyLCJ1cmwiOiJodHRwczpcL1wvYWt5ZWxnaWRhLmNvbVwvd3AtY29udGVudFwvdXBsb2Fkc1wvMjAyM1wvMDdcL0lNR183NzMyLXNjYWxlZC5qcGciLCJzbGlkZXNob3ciOiJmZGM0ZTk0In0%3D\" href='https:\/\/akyelgida.com\/wp-content\/uploads\/2023\/07\/IMG_7732-scaled.jpg'><img loading=\"lazy\" decoding=\"async\" width=\"150\" height=\"150\" src=\"https:\/\/akyelgida.com\/wp-content\/uploads\/2023\/07\/IMG_7732-150x150.jpg\" class=\"attachment-thumbnail size-thumbnail\" alt=\"\" \/><\/a>\n\t\t\t<\/div><\/figure><figure class='gallery-item'>\n\t\t\t<div class='gallery-icon landscape'>\n\t\t\t\t<a data-elementor-open-lightbox=\"yes\" data-elementor-lightbox-slideshow=\"fdc4e94\" data-elementor-lightbox-title=\"IMG_7725\" data-e-action-hash=\"#elementor-action%3Aaction%3Dlightbox%26settings%3DeyJpZCI6OTIxLCJ1cmwiOiJodHRwczpcL1wvYWt5ZWxnaWRhLmNvbVwvd3AtY29udGVudFwvdXBsb2Fkc1wvMjAyM1wvMDdcL0lNR183NzI1LXNjYWxlZC5qcGciLCJzbGlkZXNob3ciOiJmZGM0ZTk0In0%3D\" href='https:\/\/akyelgida.com\/wp-content\/uploads\/2023\/07\/IMG_7725-scaled.jpg'><img loading=\"lazy\" decoding=\"async\" width=\"150\" height=\"150\" src=\"https:\/\/akyelgida.com\/wp-content\/uploads\/2023\/07\/IMG_7725-150x150.jpg\" class=\"attachment-thumbnail size-thumbnail\" alt=\"\" \/><\/a>\n\t\t\t<\/div><\/figure><figure class='gallery-item'>\n\t\t\t<div class='gallery-icon landscape'>\n\t\t\t\t<a data-elementor-open-lightbox=\"yes\" data-elementor-lightbox-slideshow=\"fdc4e94\" data-elementor-lightbox-title=\"IMG_7722\" data-e-action-hash=\"#elementor-action%3Aaction%3Dlightbox%26settings%3DeyJpZCI6OTIwLCJ1cmwiOiJodHRwczpcL1wvYWt5ZWxnaWRhLmNvbVwvd3AtY29udGVudFwvdXBsb2Fkc1wvMjAyM1wvMDdcL0lNR183NzIyLXNjYWxlZC5qcGciLCJzbGlkZXNob3ciOiJmZGM0ZTk0In0%3D\" href='https:\/\/akyelgida.com\/wp-content\/uploads\/2023\/07\/IMG_7722-scaled.jpg'><img loading=\"lazy\" decoding=\"async\" width=\"150\" height=\"150\" src=\"https:\/\/akyelgida.com\/wp-content\/uploads\/2023\/07\/IMG_7722-150x150.jpg\" class=\"attachment-thumbnail size-thumbnail\" alt=\"\" \/><\/a>\n\t\t\t<\/div><\/figure><figure class='gallery-item'>\n\t\t\t<div class='gallery-icon landscape'>\n\t\t\t\t<a data-elementor-open-lightbox=\"yes\" data-elementor-lightbox-slideshow=\"fdc4e94\" data-elementor-lightbox-title=\"IMG_7714\" data-e-action-hash=\"#elementor-action%3Aaction%3Dlightbox%26settings%3DeyJpZCI6OTE5LCJ1cmwiOiJodHRwczpcL1wvYWt5ZWxnaWRhLmNvbVwvd3AtY29udGVudFwvdXBsb2Fkc1wvMjAyM1wvMDdcL0lNR183NzE0LXNjYWxlZC5qcGciLCJzbGlkZXNob3ciOiJmZGM0ZTk0In0%3D\" href='https:\/\/akyelgida.com\/wp-content\/uploads\/2023\/07\/IMG_7714-scaled.jpg'><img loading=\"lazy\" decoding=\"async\" width=\"150\" height=\"150\" src=\"https:\/\/akyelgida.com\/wp-content\/uploads\/2023\/07\/IMG_7714-150x150.jpg\" class=\"attachment-thumbnail size-thumbnail\" alt=\"\" \/><\/a>\n\t\t\t<\/div><\/figure><figure class='gallery-item'>\n\t\t\t<div class='gallery-icon landscape'>\n\t\t\t\t<a data-elementor-open-lightbox=\"yes\" data-elementor-lightbox-slideshow=\"fdc4e94\" data-elementor-lightbox-title=\"IMG_7843\" data-e-action-hash=\"#elementor-action%3Aaction%3Dlightbox%26settings%3DeyJpZCI6OTMxLCJ1cmwiOiJodHRwczpcL1wvYWt5ZWxnaWRhLmNvbVwvd3AtY29udGVudFwvdXBsb2Fkc1wvMjAyM1wvMDdcL0lNR183ODQzLXNjYWxlZC5qcGciLCJzbGlkZXNob3ciOiJmZGM0ZTk0In0%3D\" href='https:\/\/akyelgida.com\/wp-content\/uploads\/2023\/07\/IMG_7843-scaled.jpg'><img loading=\"lazy\" decoding=\"async\" width=\"150\" height=\"150\" src=\"https:\/\/akyelgida.com\/wp-content\/uploads\/2023\/07\/IMG_7843-150x150.jpg\" class=\"attachment-thumbnail size-thumbnail\" alt=\"\" \/><\/a>\n\t\t\t<\/div><\/figure><figure class='gallery-item'>\n\t\t\t<div class='gallery-icon landscape'>\n\t\t\t\t<a data-elementor-open-lightbox=\"yes\" data-elementor-lightbox-slideshow=\"fdc4e94\" data-elementor-lightbox-title=\"IMG_7856\" data-e-action-hash=\"#elementor-action%3Aaction%3Dlightbox%26settings%3DeyJpZCI6OTE4LCJ1cmwiOiJodHRwczpcL1wvYWt5ZWxnaWRhLmNvbVwvd3AtY29udGVudFwvdXBsb2Fkc1wvMjAyM1wvMDdcL0lNR183ODU2LXNjYWxlZC5qcGciLCJzbGlkZXNob3ciOiJmZGM0ZTk0In0%3D\" href='https:\/\/akyelgida.com\/wp-content\/uploads\/2023\/07\/IMG_7856-scaled.jpg'><img loading=\"lazy\" decoding=\"async\" width=\"150\" height=\"150\" src=\"https:\/\/akyelgida.com\/wp-content\/uploads\/2023\/07\/IMG_7856-150x150.jpg\" class=\"attachment-thumbnail size-thumbnail\" alt=\"\" \/><\/a>\n\t\t\t<\/div><\/figure><figure class='gallery-item'>\n\t\t\t<div class='gallery-icon landscape'>\n\t\t\t\t<a data-elementor-open-lightbox=\"yes\" data-elementor-lightbox-slideshow=\"fdc4e94\" data-elementor-lightbox-title=\"IMG_7767\" data-e-action-hash=\"#elementor-action%3Aaction%3Dlightbox%26settings%3DeyJpZCI6OTI1LCJ1cmwiOiJodHRwczpcL1wvYWt5ZWxnaWRhLmNvbVwvd3AtY29udGVudFwvdXBsb2Fkc1wvMjAyM1wvMDdcL0lNR183NzY3LXNjYWxlZC5qcGciLCJzbGlkZXNob3ciOiJmZGM0ZTk0In0%3D\" href='https:\/\/akyelgida.com\/wp-content\/uploads\/2023\/07\/IMG_7767-scaled.jpg'><img loading=\"lazy\" decoding=\"async\" width=\"150\" height=\"150\" src=\"https:\/\/akyelgida.com\/wp-content\/uploads\/2023\/07\/IMG_7767-150x150.jpg\" class=\"attachment-thumbnail size-thumbnail\" alt=\"\" \/><\/a>\n\t\t\t<\/div><\/figure><figure class='gallery-item'>\n\t\t\t<div class='gallery-icon landscape'>\n\t\t\t\t<a data-elementor-open-lightbox=\"yes\" data-elementor-lightbox-slideshow=\"fdc4e94\" data-elementor-lightbox-title=\"IMG_7845\" data-e-action-hash=\"#elementor-action%3Aaction%3Dlightbox%26settings%3DeyJpZCI6OTE2LCJ1cmwiOiJodHRwczpcL1wvYWt5ZWxnaWRhLmNvbVwvd3AtY29udGVudFwvdXBsb2Fkc1wvMjAyM1wvMDdcL0lNR183ODQ1LXNjYWxlZC5qcGciLCJzbGlkZXNob3ciOiJmZGM0ZTk0In0%3D\" href='https:\/\/akyelgida.com\/wp-content\/uploads\/2023\/07\/IMG_7845-scaled.jpg'><img loading=\"lazy\" decoding=\"async\" width=\"150\" height=\"150\" src=\"https:\/\/akyelgida.com\/wp-content\/uploads\/2023\/07\/IMG_7845-150x150.jpg\" class=\"attachment-thumbnail size-thumbnail\" alt=\"\" \/><\/a>\n\t\t\t<\/div><\/figure><figure class='gallery-item'>\n\t\t\t<div class='gallery-icon portrait'>\n\t\t\t\t<a data-elementor-open-lightbox=\"yes\" data-elementor-lightbox-slideshow=\"fdc4e94\" data-elementor-lightbox-title=\"IMG_7847\" data-e-action-hash=\"#elementor-action%3Aaction%3Dlightbox%26settings%3DeyJpZCI6OTE3LCJ1cmwiOiJodHRwczpcL1wvYWt5ZWxnaWRhLmNvbVwvd3AtY29udGVudFwvdXBsb2Fkc1wvMjAyM1wvMDdcL0lNR183ODQ3LXNjYWxlZC5qcGciLCJzbGlkZXNob3ciOiJmZGM0ZTk0In0%3D\" href='https:\/\/akyelgida.com\/wp-content\/uploads\/2023\/07\/IMG_7847-scaled.jpg'><img loading=\"lazy\" decoding=\"async\" width=\"150\" height=\"150\" src=\"https:\/\/akyelgida.com\/wp-content\/uploads\/2023\/07\/IMG_7847-150x150.jpg\" class=\"attachment-thumbnail size-thumbnail\" alt=\"\" \/><\/a>\n\t\t\t<\/div><\/figure>\n\t\t<\/div>\n\t\t<\/div>\n\t\t\t\t\t\t<\/div>\n\t\t\t\t<\/div>\n\t\t\t\t<div class=\"elementor-element elementor-element-12fa598 elementor-invisible elementor-widget elementor-widget-text-editor\" data-id=\"12fa598\" data-element_type=\"widget\" data-settings=\"{&quot;_animation&quot;:&quot;fadeInUp&quot;}\" data-widget_type=\"text-editor.default\">\n\t\t\t\t<div class=\"elementor-widget-container\">\n\t\t\t\t\t\t\t\t\t<p>cacao leyka<\/p>\t\t\t\t\t\t\t\t<\/div>\n\t\t\t\t<\/div>\n\t\t\t\t\t<\/div>\n\t\t<\/div>\n\t\t\t\t\t<\/div>\n\t\t<\/section>\n\t\t\t\t<\/div>\n\t\t","protected":false},"excerpt":{"rendered":"<p>\u00c7\u0130KOLATALAR \u00c7ikolata sanat\u0131n\u0131n ustalar\u0131ndan; el yap\u0131m\u0131 ve 100% Bel\u00e7ika lezzeti cacao leyka<\/p>\n","protected":false},"author":1,"featured_media":0,"parent":0,"menu_order":0,"comment_status":"closed","ping_status":"closed","template":"","meta":{"site-sidebar-layout":"no-sidebar","site-content-layout":"page-builder","ast-global-header-display":"","ast-banner-title-visibility":"","ast-main-header-display":"","ast-hfb-above-header-display":"","ast-hfb-below-header-display":"","ast-hfb-mobile-header-display":"","site-post-title":"disabled","ast-breadcrumbs-content":"","ast-featured-img":"disabled","footer-sml-layout":"","theme-transparent-header-meta":"","adv-header-id-meta":"","stick-header-meta":"","header-above-stick-meta":"","header-main-stick-meta":"","header-below-stick-meta":"","footnotes":""},"class_list":["post-942","page","type-page","status-publish","hentry"],"_links":{"self":[{"href":"https:\/\/akyelgida.com\/index.php\/wp-json\/wp\/v2\/pages\/942","targetHints":{"allow":["GET"]}}],"collection":[{"href":"https:\/\/akyelgida.com\/index.php\/wp-json\/wp\/v2\/pages"}],"about":[{"href":"https:\/\/akyelgida.com\/index.php\/wp-json\/wp\/v2\/types\/page"}],"author":[{"embeddable":true,"href":"https:\/\/akyelgida.com\/index.php\/wp-json\/wp\/v2\/users\/1"}],"replies":[{"embeddable":true,"href":"https:\/\/akyelgida.com\/index.php\/wp-json\/wp\/v2\/comments?post=942"}],"version-history":[{"count":4,"href":"https:\/\/akyelgida.com\/index.php\/wp-json\/wp\/v2\/pages\/942\/revisions"}],"predecessor-version":[{"id":946,"href":"https:\/\/akyelgida.com\/index.php\/wp-json\/wp\/v2\/pages\/942\/revisions\/946"}],"wp:attachment":[{"href":"https:\/\/akyelgida.com\/index.php\/wp-json\/wp\/v2\/media?parent=942"}],"curies":[{"name":"wp","href":"https:\/\/api.w.org\/{rel}","templated":true}]}}